{"id":807,"date":"2016-11-24T13:57:40","date_gmt":"2016-11-24T11:57:40","guid":{"rendered":"http:\/\/terekk.ee\/en\/?page_id=807"},"modified":"2016-11-24T13:57:40","modified_gmt":"2016-11-24T11:57:40","slug":"2012-2","status":"publish","type":"page","link":"https:\/\/terekk.ee\/en\/publications\/artiklid\/2012-2\/","title":{"rendered":"2012"},"content":{"rendered":"<h2>Articles published in 2012<\/h2>\n<p>&nbsp;<\/p>\n<ul>\n<li>Englas, K., Eelmae P. (2012) An educative programme organized to implement FIM\u00ae-instrument in rehabilitation hospital settings for team-based usage and PT role in the process. 3rd European Congress on Physiotherapy. Advancing the Professional Profile \u2013 Continuing Professional Development to promote Evidence Based Physiotherapy.\u00a0 World Confederation for Physical Therapy European Region. Vien, Austria:, 2012, pp 118 (electronic publication). <a href=\"http:\/\/congress2012.physioaustria.at\/sites\/congress2012.physioaustria.at\/files\/documents\/EDUCON%20Abstracts.pdf\">http:\/\/congress2012.physioaustria.at\/sites\/congress2012.physioaustria.at\/files\/documents\/EDUCON%20Abstracts.pdf<\/a><\/li>\n<\/ul>\n<ul>\n<li>Eelmae, N. Popov, P. Rebelo, J. van Wijchen, L. Zebitz, L. Noronen (2012) Physiotherapy students\u2019 motivation and satisfaction with international intensive course focused on teaching physiotherapeutic assessment in clinical settings at 2009-2011. 3rd European Congress on Physiotherapy. Advancing the Professional Profile \u2013 Continuing Professional Development to promote Evidence Based Physiotherapy. World Confederation for Physical Therapy European Region. Vien, Austria:, 2012, pp 57 (electronic publication). <a href=\"http:\/\/congress2012.physioaustria.at\/sites\/congress2012.physioaustria.at\/files\/documents\/EDUCON%20Abstracts.pdf\">http:\/\/congress2012.physioaustria.at\/sites\/congress2012.physioaustria.at\/files\/documents\/EDUCON%20Abstracts.pdf<\/a><\/li>\n<\/ul>\n<ul>\n<li>Eelmae, P.; Pakkanen, M.; Englas, K. (2012). Cost effectiveness, length of stay and outcome of inpatient rehabilitation for traumatic spinal cord injured patients. In: 51st Annual Scientific Meeting of the International Spinal Cord Society &#8211; Advances in Spinal Cord Injury Management: ISCOS 2012 &#8211; 51st Annual Scientific Meeting of the International Spinal Cord Society, London, UK, 3-5 september 2012. (Toim.) McClelland, M.. London, UK:, 2012, 207.<\/li>\n<\/ul>\n<ul>\n<li>Alvela, M.; Pintson, M.; Englas, K.; Kruus, \u00dc.; Eelmae, P. (2012). Improvement of hemiplegic patient&#8217;sgait pattern over 8-month period ater plantarflexors faciotomy. A case study. In: 21st Annual Meeting of ESMAC. Congress programme.: 21st Annual Meeting of the European Society of Movement Analysis for Adults and Children, Stockholm,13-15 september 2012. (Toim.) J. Harlaar. Stockholm, Rootsi:, 2012, 166 &#8211; 166.<\/li>\n<\/ul>\n<ul>\n<li>Tuulik, Varje-Riin; \u00dcbner, Monika; Vare, Talis; Tuulik, Viiu (2012). Centre of Excellence in Health Promotion and Rehabilitation: an interdisciplinary co-work in balneology in Estonia. In: MR Giornale Italiano di Medicina Riabilitativa: 9th Mediterranean Congress of PRM Physical and Rehabilitation Medicine. Sorrento, 21-25 October 2012. Edizioni Minerva Medica, 2012, (2-3), 125.<\/li>\n<\/ul>\n<ul>\n<li>Alvela, M., Pintson, M., Kruus, \u00dc., Englas, K., Eelm\u00e4e, P. (2012) Fastsiotoomia j\u00e4rgse f\u00fcsioterapeutilise sekkumise hindamine k\u00f5nnimustri korrigeerimiseks, kasutades 3D kliinilist k\u00f5nnial\u00fc\u00fcsi: juhtumianal\u00fc\u00fcs. Eesti F\u00fcsioterapeutide II aastakonverents Tartu, 25. mai. 2012. Eesti F\u00fcsioterapeutide Liit.<\/li>\n<\/ul>\n","protected":false},"excerpt":{"rendered":"<p>Articles published in 2012 &nbsp; Englas, K., Eelmae P. (2012)&#8230;<\/p>\n","protected":false},"author":1,"featured_media":0,"parent":797,"menu_order":7,"comment_status":"closed","ping_status":"closed","template":"","meta":{"footnotes":"","_links_to":"","_links_to_target":""},"_links":{"self":[{"href":"https:\/\/terekk.ee\/en\/wp-json\/wp\/v2\/pages\/807"}],"collection":[{"href":"https:\/\/terekk.ee\/en\/wp-json\/wp\/v2\/pages"}],"about":[{"href":"https:\/\/terekk.ee\/en\/wp-json\/wp\/v2\/types\/page"}],"author":[{"embeddable":true,"href":"https:\/\/terekk.ee\/en\/wp-json\/wp\/v2\/users\/1"}],"replies":[{"embeddable":true,"href":"https:\/\/terekk.ee\/en\/wp-json\/wp\/v2\/comments?post=807"}],"version-history":[{"count":1,"href":"https:\/\/terekk.ee\/en\/wp-json\/wp\/v2\/pages\/807\/revisions"}],"predecessor-version":[{"id":808,"href":"https:\/\/terekk.ee\/en\/wp-json\/wp\/v2\/pages\/807\/revisions\/808"}],"up":[{"embeddable":true,"href":"https:\/\/terekk.ee\/en\/wp-json\/wp\/v2\/pages\/797"}],"wp:attachment":[{"href":"https:\/\/terekk.ee\/en\/wp-json\/wp\/v2\/media?parent=807"}],"curies":[{"name":"wp","href":"https:\/\/api.w.org\/{rel}","templated":true}]}}