{"id":805,"date":"2016-11-24T13:57:01","date_gmt":"2016-11-24T11:57:01","guid":{"rendered":"http:\/\/terekk.ee\/en\/?page_id=805"},"modified":"2016-11-24T13:57:01","modified_gmt":"2016-11-24T11:57:01","slug":"2013-2","status":"publish","type":"page","link":"https:\/\/terekk.ee\/en\/publications\/artiklid\/2013-2\/","title":{"rendered":"2013"},"content":{"rendered":"<h2>Articles published in 2013<\/h2>\n<p>&nbsp;<\/p>\n<ul>\n<li>\u00d6\u00f6pik, M.-L., Englas, K., Kabel, V., Klement, K., Kruus, \u00dc., M\u00f5im, R., Oberg, J., Pakkanen, M., Peedimaa, M.-L., Vanem, O., Eelm\u00e4e, P. (2013) Seven month experience incorporating Locomat into daily clinical practice &#8211; Haapsalu Neurological Rehabilitation Centre\u2019s example. International Neurorehabilitation Symposiom. INRS 2013: Driving Innovation in Neurorehabilitation. Zurich, Switzerland, September 11-13 2013. Publitseeritud teesid konverentsi elektroonilises v\u00e4ljaandes<br \/>\n<a href=\"http:\/\/www.inrs2013.com\/conference-details\/poster\/\">http:\/\/www.inrs2013.com\/conference-details\/poster\/<\/a>.<\/li>\n<\/ul>\n<ul>\n<li>R\u00fc\u00fctel, E., Vinkel, I., Eelm\u00e4e, P. (2013) Implementation of vibroacustic method in treatment of spasticity in patients with spinal cord and brain injuries: a pilot study. 8th Congress of Baltic Association for Rehabilitation. Rehabilitation in Baltic States 2020: Policy and Practice. Riga 18-19 September. Publitseeritud teesid konverentsi elektroonilises v\u00e4ljaandes.<\/li>\n<\/ul>\n<ul>\n<li>Pintson, M., Alvela, M., Kruus, \u00dc., Englas, K., Eelm\u00e4e, P. (2013) \u201cSpastilise hemipareesiga laste k\u00f5nnimuster v\u00e4hemalt poole aasta ToeOFF\u00ae ortoosi kasutamise j\u00e4rgselt \u2013 head ja vead\u201d Eesti F\u00fcsioterapeutide III aastakonverents Tartu, 17. mai. 2013. Eesti F\u00fcsioterapeutide Liit, lk 14.<\/li>\n<\/ul>\n<ul>\n<li>Klement, K., Eelm\u00e4e, P., Englas, K. (2013) Motoorika hindamine Touwen\u2019i testiga 7-9-aastastel lastel. Eesti F\u00fcsioterapeutide III aastakonverents 2013. Eesti F\u00fcsioterapeutide Liit. Tartu, 17. mai. lk 8.<\/li>\n<\/ul>\n<ul>\n<li>\u00dcbner, M. ORGANIC COMPOUNDS OF COASTAL LAGOON SEDIMENTS FROM ESTONIA AND GOTLAND. Organic geochemistry: trends for the 21st century. Book of Abstracts of the Comunications presented to the 26th International Meeting on Organic Geochemistry Costa Adeje, Tenerife \u2013 Spain. September 15-20, 2013. Eds. J.A. Gonz\u00e1lez-P\u00e9rez, F.J. Gonz\u00e1lez-Vila, Nicasio T. Jim\u00e9nez-Morillo and G. Almendros. Vol 2, pp 438-439.<br \/>\n<a href=\"http:\/\/digital.csic.es\/handle\/10261\/81640\">http:\/\/digital.csic.es\/handle\/10261\/81640<\/a><\/li>\n<\/ul>\n<ul>\n<li>Tuulik, V.-R., Tuulik, V., Tamm, M. , Pille V., Vare, T, Tint, P., Saarik, S.(2013). Laser-Doppler Perfusion Monitoring and Myotonometry as a Objective Methods to Test the Effect of the of the Physical and Balneological Agents on the Musculoskeletal Overuse Syndroms on Industry Workers\u201c : Journal of Rehabilitation Medicine, Volume 45, Issue 9, Baltic and North Sea Forum on Physical and Rehabilitation Medicine DOI: 10.2340\/16501977-1223<\/li>\n<\/ul>\n","protected":false},"excerpt":{"rendered":"<p>Articles published in 2013 &nbsp; \u00d6\u00f6pik, M.-L., Englas, K., Kabel,&#8230;<\/p>\n","protected":false},"author":1,"featured_media":0,"parent":797,"menu_order":6,"comment_status":"closed","ping_status":"closed","template":"","meta":{"footnotes":"","_links_to":"","_links_to_target":""},"_links":{"self":[{"href":"https:\/\/terekk.ee\/en\/wp-json\/wp\/v2\/pages\/805"}],"collection":[{"href":"https:\/\/terekk.ee\/en\/wp-json\/wp\/v2\/pages"}],"about":[{"href":"https:\/\/terekk.ee\/en\/wp-json\/wp\/v2\/types\/page"}],"author":[{"embeddable":true,"href":"https:\/\/terekk.ee\/en\/wp-json\/wp\/v2\/users\/1"}],"replies":[{"embeddable":true,"href":"https:\/\/terekk.ee\/en\/wp-json\/wp\/v2\/comments?post=805"}],"version-history":[{"count":1,"href":"https:\/\/terekk.ee\/en\/wp-json\/wp\/v2\/pages\/805\/revisions"}],"predecessor-version":[{"id":806,"href":"https:\/\/terekk.ee\/en\/wp-json\/wp\/v2\/pages\/805\/revisions\/806"}],"up":[{"embeddable":true,"href":"https:\/\/terekk.ee\/en\/wp-json\/wp\/v2\/pages\/797"}],"wp:attachment":[{"href":"https:\/\/terekk.ee\/en\/wp-json\/wp\/v2\/media?parent=805"}],"curies":[{"name":"wp","href":"https:\/\/api.w.org\/{rel}","templated":true}]}}