{"id":799,"date":"2016-11-24T13:55:13","date_gmt":"2016-11-24T11:55:13","guid":{"rendered":"http:\/\/terekk.ee\/en\/?page_id=799"},"modified":"2016-11-24T13:55:13","modified_gmt":"2016-11-24T11:55:13","slug":"2016-2","status":"publish","type":"page","link":"https:\/\/terekk.ee\/en\/publications\/artiklid\/2016-2\/","title":{"rendered":"2016"},"content":{"rendered":"<h2>Articles published in 2016<\/h2>\n<p>&nbsp;<\/p>\n<ul>\n<li>Englas, K.; M\u00f5im, R.; Eelm\u00e4e, P. (2016). Piloting work-oriented rehabilitation programs. HNRC\u2019s experience from 2011-2013. 7th Baltic Spinal Cord Society Conference &#8211; BaSCoS 2016: 7th Baltic Spinal Cord Society Conference BaSCoS 2016, Haapsalu, 19-21 May 2016. Ed. Toomas Asser, Alvydas Juocevi\u00e7us, Anda Nulle, Priit Eelm\u00e4e. Haapsalu: Haapsalu Neurological Rehabilitation Centre, 21\u221222.<\/li>\n<\/ul>\n<ul>\n<li>Kukk, A.; Kabel, V.; Pakkanen, M.; Eelm\u00e4e, P. (2016). Five years\u2019 experience (2011-2015) using FIM\u00ae instrument as a team based outcome measure for SCI persons in Haapsalu Neurological Rehabilitation Centre. 7th Baltic Spinal Cord Society Conference &#8211; BaSCoS 2016: 7th Baltic Spinal Cord Society Conference BaSCoS 2016, Haapsalu, 19-21 May 2016. Ed. Toomas Asser, Alvydas Juocevi\u00e7us, Anda Nulle, Priit Eelm\u00e4e. Haapsalu: Haapsalu Neurological Rehabilitation Centre, 31\u221232.<\/li>\n<\/ul>\n<ul>\n<li>Eelm\u00e4e, P.; Sabre, L.; Asser, T. (2016). Epidemiological profile and management of traumatic SCI in Estonia. 7th Baltic Spinal Cord Society Conference &#8211; BaSCoS 2016: 7th Baltic Spinal Cord Society Conference BaSCoS 2016, Haapsalu, 19-21 May 2016. Ed. Toomas Asser, Alvydas Juocevi\u00e7us, Anda Nulle, Priit Eelm\u00e4e. Haapsalu: Haapsalu Neurological Rehabilitation Centre, 11\u221212.<\/li>\n<\/ul>\n<ul>\n<li>M\u00f5im, R.; Vanem, O.; \u00d6\u00f6pik, M-L.; Eelm\u00e4e, P. (2016). Current possibilities of physiotherapy for individuals with spinal cord injury in Haapsalu Neurological Rehabilitation Centre. 7th Baltic Spinal Cord Society Conference &#8211; BaSCoS 2016: 7th Baltic Spinal Cord Society Conference BaSCoS 2016, Haapsalu, 19-21 May 2016. Ed. Toomas Asser, Alvydas Juocevi\u00e7us, Anda Nulle, Priit Eelm\u00e4e. Haapsalu: Haapsalu Neurological Rehabilitation Centre, 36\u221237.<\/li>\n<\/ul>\n<ul>\n<li>Bergmann, M.; Alvela, M.; Eelm\u00e4e, P.; Vahtrik, D.; Gapeyeva, H. (2016). Effect of kinetic return ankle foot orthosis in patient with incomplete spinal cord injury: changes of the gait pattern. A case report. Baltic Journal of Sports and Health Sciences, 2 (101), 8\u221216.<\/li>\n<\/ul>\n","protected":false},"excerpt":{"rendered":"<p>Articles published in 2016 &nbsp; Englas, K.; M\u00f5im, R.; Eelm\u00e4e,&#8230;<\/p>\n","protected":false},"author":1,"featured_media":0,"parent":797,"menu_order":3,"comment_status":"closed","ping_status":"closed","template":"","meta":{"footnotes":"","_links_to":"","_links_to_target":""},"_links":{"self":[{"href":"https:\/\/terekk.ee\/en\/wp-json\/wp\/v2\/pages\/799"}],"collection":[{"href":"https:\/\/terekk.ee\/en\/wp-json\/wp\/v2\/pages"}],"about":[{"href":"https:\/\/terekk.ee\/en\/wp-json\/wp\/v2\/types\/page"}],"author":[{"embeddable":true,"href":"https:\/\/terekk.ee\/en\/wp-json\/wp\/v2\/users\/1"}],"replies":[{"embeddable":true,"href":"https:\/\/terekk.ee\/en\/wp-json\/wp\/v2\/comments?post=799"}],"version-history":[{"count":1,"href":"https:\/\/terekk.ee\/en\/wp-json\/wp\/v2\/pages\/799\/revisions"}],"predecessor-version":[{"id":800,"href":"https:\/\/terekk.ee\/en\/wp-json\/wp\/v2\/pages\/799\/revisions\/800"}],"up":[{"embeddable":true,"href":"https:\/\/terekk.ee\/en\/wp-json\/wp\/v2\/pages\/797"}],"wp:attachment":[{"href":"https:\/\/terekk.ee\/en\/wp-json\/wp\/v2\/media?parent=799"}],"curies":[{"name":"wp","href":"https:\/\/api.w.org\/{rel}","templated":true}]}}