{"id":797,"date":"2016-11-24T13:54:29","date_gmt":"2016-11-24T11:54:29","guid":{"rendered":"http:\/\/terekk.ee\/en\/?page_id=797"},"modified":"2016-11-24T15:05:17","modified_gmt":"2016-11-24T13:05:17","slug":"artiklid","status":"publish","type":"page","link":"https:\/\/terekk.ee\/en\/publications\/artiklid\/","title":{"rendered":"Articles"},"content":{"rendered":"<h2>Articles published in 2016<\/h2>\n<ul>\n<li>Englas, K.; M\u00f5im, R.; Eelm\u00e4e, P. (2016). Piloting work-oriented rehabilitation programs. HNRC\u2019s experience from 2011-2013. 7th Baltic Spinal Cord Society Conference \u2013 BaSCoS 2016: 7th Baltic Spinal Cord Society Conference BaSCoS 2016, Haapsalu, 19-21 May 2016. Ed. Toomas Asser, Alvydas Juocevi\u00e7us, Anda Nulle, Priit Eelm\u00e4e. Haapsalu: Haapsalu Neurological Rehabilitation Centre, 21\u221222.<\/li>\n<\/ul>\n<ul>\n<li>Kukk, A.; Kabel, V.; Pakkanen, M.; Eelm\u00e4e, P. (2016). Five years\u2019 experience (2011-2015) using FIM\u00ae instrument as a team based outcome measure for SCI persons in Haapsalu Neurological Rehabilitation Centre. 7th Baltic Spinal Cord Society Conference \u2013 BaSCoS 2016: 7th Baltic Spinal Cord Society Conference BaSCoS 2016, Haapsalu, 19-21 May 2016. Ed. Toomas Asser, Alvydas Juocevi\u00e7us, Anda Nulle, Priit Eelm\u00e4e. Haapsalu: Haapsalu Neurological Rehabilitation Centre, 31\u221232.<\/li>\n<\/ul>\n<ul>\n<li>Eelm\u00e4e, P.; Sabre, L.; Asser, T. (2016). Epidemiological profile and management of traumatic SCI in Estonia. 7th Baltic Spinal Cord Society Conference \u2013 BaSCoS 2016: 7th Baltic Spinal Cord Society Conference BaSCoS 2016, Haapsalu, 19-21 May 2016. Ed. Toomas Asser, Alvydas Juocevi\u00e7us, Anda Nulle, Priit Eelm\u00e4e. Haapsalu: Haapsalu Neurological Rehabilitation Centre, 11\u221212.<\/li>\n<\/ul>\n<ul>\n<li>M\u00f5im, R.; Vanem, O.; \u00d6\u00f6pik, M-L.; Eelm\u00e4e, P. (2016). Current possibilities of physiotherapy for individuals with spinal cord injury in Haapsalu Neurological Rehabilitation Centre. 7th Baltic Spinal Cord Society Conference \u2013 BaSCoS 2016: 7th Baltic Spinal Cord Society Conference BaSCoS 2016, Haapsalu, 19-21 May 2016. Ed. Toomas Asser, Alvydas Juocevi\u00e7us, Anda Nulle, Priit Eelm\u00e4e. Haapsalu: Haapsalu Neurological Rehabilitation Centre, 36\u221237.<\/li>\n<\/ul>\n<ul>\n<li>Bergmann, M.; Alvela, M.; Eelm\u00e4e, P.; Vahtrik, D.; Gapeyeva, H. (2016). Effect of kinetic return ankle foot orthosis in patient with incomplete spinal cord injury: changes of the gait pattern. A case report. Baltic Journal of Sports and Health Sciences, 2 (101), 8\u221216.<\/li>\n<\/ul>\n<h2>Articles published in 2015<\/h2>\n<ul>\n<li>Tint, P.; Tuulik, V.-R.; Tuulik, V.; Vare, T. (2015). The measurement of musculoskeletal overuse syndrome of industrial workers and prevention possibilities. The Annals of Occupational Hygiene (8). Oxford University Press.<\/li>\n<\/ul>\n<ul>\n<li>Tuulik, V.R.; Pille, V.; Tamm, M.; Tuulik, V.; Tint, P.; Tilk, M.; Saarik, S.; Vare, T. (2015). The effect of outpatient mud and spa-therapies on the tissue perfusion measured with laser Doppler in work related upper extremities overuse syndromes. Bolet\u00edn de la Sociedad Espa\u00f1ola de Hydrologia Medica, 30(2), 193 \u2013 204.<\/li>\n<\/ul>\n<ul>\n<li>Pille, V.; Tuulik, V.-R.; Saarik, S.; Tint, P.; Vare, T.; Sepper, R. (2015). Work-related musculoskeletal symptoms in industrial workers and the effect of balneotherapy. Agronomy Research, 13(3), 820 \u2013 828.<\/li>\n<\/ul>\n<h2>Articles published in 2014<\/h2>\n<ul>\n<li>Kapanen, G.; Terasmaa, J.; Marzecova, A.; Rautam, S. (2014). A comparative geochemical characterization of curative mud in major Estonian deposits. Bonomo L., Careghini A., Mastorgio A., Saporano S., Sezenna E. (Toim.). Abstracts of the 4th International Symposium on Sediment Management (I2SM). Ferrara, Italy, September 17-19. (90 \u2013 90). Ferrara, Italy: Ferrara Fiere Congressi, Politecnico di Milano \u2013 Department of Civil and Environmental Engineering;<\/li>\n<\/ul>\n<ul>\n<li>\u00dcbner, Monika; \u00d5un, Kandela; M\u00e4gi, Merle (2014). Effect of different 6-day spa therapy courses on the quality of life in the knee osteoarthritis treatment. In: 39th World Congress of International Society of Medical Hydrology and Climatology (ISMH) \u201cResponses of human body to stimuli from nature\u201d: May 11-14, 2014 Kyoto, Japan. The Japanese Society of Balneology, Climatology and Physical Medicine, 2014, 120 \u2013 121.<\/li>\n<\/ul>\n<h2>Articles published in 2013<\/h2>\n<ul>\n<li>\u00d6\u00f6pik, M.-L., Englas, K., Kabel, V., Klement, K., Kruus, \u00dc., M\u00f5im, R., Oberg, J., Pakkanen, M., Peedimaa, M.-L., Vanem, O., Eelm\u00e4e, P. (2013) Seven month experience incorporating Locomat into daily clinical practice \u2013 Haapsalu Neurological Rehabilitation Centre\u2019s example. International Neurorehabilitation Symposiom. INRS 2013: Driving Innovation in Neurorehabilitation. Zurich, Switzerland, September 11-13 2013. Publitseeritud teesid konverentsi elektroonilises v\u00e4ljaandes<br \/>\n<a href=\"http:\/\/www.inrs2013.com\/conference-details\/poster\/\">http:\/\/www.inrs2013.com\/conference-details\/poster\/<\/a>.<\/li>\n<\/ul>\n<ul>\n<li>R\u00fc\u00fctel, E., Vinkel, I., Eelm\u00e4e, P. (2013) Implementation of vibroacustic method in treatment of spasticity in patients with spinal cord and brain injuries: a pilot study. 8th Congress of Baltic Association for Rehabilitation. Rehabilitation in Baltic States 2020: Policy and Practice. Riga 18-19 September. Publitseeritud teesid konverentsi elektroonilises v\u00e4ljaandes.<\/li>\n<\/ul>\n<ul>\n<li>Pintson, M., Alvela, M., Kruus, \u00dc., Englas, K., Eelm\u00e4e, P. (2013) \u201cSpastilise hemipareesiga laste k\u00f5nnimuster v\u00e4hemalt poole aasta ToeOFF\u00ae ortoosi kasutamise j\u00e4rgselt \u2013 head ja vead\u201d Eesti F\u00fcsioterapeutide III aastakonverents Tartu, 17. mai. 2013. Eesti F\u00fcsioterapeutide Liit, lk 14.<\/li>\n<\/ul>\n<ul>\n<li>Klement, K., Eelm\u00e4e, P., Englas, K. (2013) Motoorika hindamine Touwen\u2019i testiga 7-9-aastastel lastel. Eesti F\u00fcsioterapeutide III aastakonverents 2013. Eesti F\u00fcsioterapeutide Liit. Tartu, 17. mai. lk 8.<\/li>\n<\/ul>\n<ul>\n<li>\u00dcbner, M. ORGANIC COMPOUNDS OF COASTAL LAGOON SEDIMENTS FROM ESTONIA AND GOTLAND. Organic geochemistry: trends for the 21st century. Book of Abstracts of the Comunications presented to the 26th International Meeting on Organic Geochemistry Costa Adeje, Tenerife \u2013 Spain. September 15-20, 2013. Eds. J.A. Gonz\u00e1lez-P\u00e9rez, F.J. Gonz\u00e1lez-Vila, Nicasio T. Jim\u00e9nez-Morillo and G. Almendros. Vol 2, pp 438-439.<br \/>\n<a href=\"http:\/\/digital.csic.es\/handle\/10261\/81640\">http:\/\/digital.csic.es\/handle\/10261\/81640<\/a><\/li>\n<\/ul>\n<ul>\n<li>Tuulik, V.-R., Tuulik, V., Tamm, M. , Pille V., Vare, T, Tint, P., Saarik, S.(2013). Laser-Doppler Perfusion Monitoring and Myotonometry as a Objective Methods to Test the Effect of the of the Physical and Balneological Agents on the Musculoskeletal Overuse Syndroms on Industry Workers\u201c : Journal of Rehabilitation Medicine, Volume 45, Issue 9, Baltic and North Sea Forum on Physical and Rehabilitation Medicine DOI: 10.2340\/16501977-1223<\/li>\n<\/ul>\n<h2>Articles published in 2012<\/h2>\n<ul>\n<li>Englas, K., Eelmae P. (2012) An educative programme organized to implement FIM\u00ae-instrument in rehabilitation hospital settings for team-based usage and PT role in the process. 3rd European Congress on Physiotherapy. Advancing the Professional Profile \u2013 Continuing Professional Development to promote Evidence Based Physiotherapy.\u00a0 World Confederation for Physical Therapy European Region. Vien, Austria:, 2012, pp 118 (electronic publication). <a href=\"http:\/\/congress2012.physioaustria.at\/sites\/congress2012.physioaustria.at\/files\/documents\/EDUCON%20Abstracts.pdf\">http:\/\/congress2012.physioaustria.at\/sites\/congress2012.physioaustria.at\/files\/documents\/EDUCON%20Abstracts.pdf<\/a><\/li>\n<\/ul>\n<ul>\n<li>Eelmae, N. Popov, P. Rebelo, J. van Wijchen, L. Zebitz, L. Noronen (2012) Physiotherapy students\u2019 motivation and satisfaction with international intensive course focused on teaching physiotherapeutic assessment in clinical settings at 2009-2011. 3rd European Congress on Physiotherapy. Advancing the Professional Profile \u2013 Continuing Professional Development to promote Evidence Based Physiotherapy. World Confederation for Physical Therapy European Region. Vien, Austria:, 2012, pp 57 (electronic publication). <a href=\"http:\/\/congress2012.physioaustria.at\/sites\/congress2012.physioaustria.at\/files\/documents\/EDUCON%20Abstracts.pdf\">http:\/\/congress2012.physioaustria.at\/sites\/congress2012.physioaustria.at\/files\/documents\/EDUCON%20Abstracts.pdf<\/a><\/li>\n<\/ul>\n<ul>\n<li>Eelmae, P.; Pakkanen, M.; Englas, K. (2012). Cost effectiveness, length of stay and outcome of inpatient rehabilitation for traumatic spinal cord injured patients. In: 51st Annual Scientific Meeting of the International Spinal Cord Society \u2013 Advances in Spinal Cord Injury Management: ISCOS 2012 \u2013 51st Annual Scientific Meeting of the International Spinal Cord Society, London, UK, 3-5 september 2012. (Toim.) McClelland, M.. London, UK:, 2012, 207.<\/li>\n<\/ul>\n<ul>\n<li>Alvela, M.; Pintson, M.; Englas, K.; Kruus, \u00dc.; Eelmae, P. (2012). Improvement of hemiplegic patient\u2019sgait pattern over 8-month period ater plantarflexors faciotomy. A case study. In: 21st Annual Meeting of ESMAC. Congress programme.: 21st Annual Meeting of the European Society of Movement Analysis for Adults and Children, Stockholm,13-15 september 2012. (Toim.) J. Harlaar. Stockholm, Rootsi:, 2012, 166 \u2013 166.<\/li>\n<\/ul>\n<ul>\n<li>Tuulik, Varje-Riin; \u00dcbner, Monika; Vare, Talis; Tuulik, Viiu (2012). Centre of Excellence in Health Promotion and Rehabilitation: an interdisciplinary co-work in balneology in Estonia. In: MR Giornale Italiano di Medicina Riabilitativa: 9th Mediterranean Congress of PRM Physical and Rehabilitation Medicine. Sorrento, 21-25 October 2012. Edizioni Minerva Medica, 2012, (2-3), 125.<\/li>\n<\/ul>\n<ul>\n<li>Alvela, M., Pintson, M., Kruus, \u00dc., Englas, K., Eelm\u00e4e, P. (2012) Fastsiotoomia j\u00e4rgse f\u00fcsioterapeutilise sekkumise hindamine k\u00f5nnimustri korrigeerimiseks, kasutades 3D kliinilist k\u00f5nnial\u00fc\u00fcsi: juhtumianal\u00fc\u00fcs. Eesti F\u00fcsioterapeutide II aastakonverents Tartu, 25. mai. 2012. Eesti F\u00fcsioterapeutide Liit.<\/li>\n<\/ul>\n","protected":false},"excerpt":{"rendered":"<p>Articles published in 2016 Englas, K.; M\u00f5im, R.; Eelm\u00e4e, P&#8230;.<\/p>\n","protected":false},"author":1,"featured_media":0,"parent":609,"menu_order":2,"comment_status":"closed","ping_status":"closed","template":"","meta":{"footnotes":"","_links_to":"","_links_to_target":""},"_links":{"self":[{"href":"https:\/\/terekk.ee\/en\/wp-json\/wp\/v2\/pages\/797"}],"collection":[{"href":"https:\/\/terekk.ee\/en\/wp-json\/wp\/v2\/pages"}],"about":[{"href":"https:\/\/terekk.ee\/en\/wp-json\/wp\/v2\/types\/page"}],"author":[{"embeddable":true,"href":"https:\/\/terekk.ee\/en\/wp-json\/wp\/v2\/users\/1"}],"replies":[{"embeddable":true,"href":"https:\/\/terekk.ee\/en\/wp-json\/wp\/v2\/comments?post=797"}],"version-history":[{"count":2,"href":"https:\/\/terekk.ee\/en\/wp-json\/wp\/v2\/pages\/797\/revisions"}],"predecessor-version":[{"id":831,"href":"https:\/\/terekk.ee\/en\/wp-json\/wp\/v2\/pages\/797\/revisions\/831"}],"up":[{"embeddable":true,"href":"https:\/\/terekk.ee\/en\/wp-json\/wp\/v2\/pages\/609"}],"wp:attachment":[{"href":"https:\/\/terekk.ee\/en\/wp-json\/wp\/v2\/media?parent=797"}],"curies":[{"name":"wp","href":"https:\/\/api.w.org\/{rel}","templated":true}]}}