{"id":1835,"date":"2020-01-23T15:54:48","date_gmt":"2020-01-23T13:54:48","guid":{"rendered":"https:\/\/terekk.ee\/en\/?page_id=1835"},"modified":"2020-01-23T15:54:48","modified_gmt":"2020-01-23T13:54:48","slug":"2018-2","status":"publish","type":"page","link":"https:\/\/terekk.ee\/en\/publications\/artiklid\/2018-2\/","title":{"rendered":"2018"},"content":{"rendered":"<p>&nbsp;<\/p>\n<ul>\n<li>\u00d6\u00f6pik-Loks, M.L.; Bernyte, J.; Eelm\u00e4e, P. (2018). The outcomes of structural reform in Haapsalu Neurological Rehabilitation Centre (Estonia) between 2016 and 2017. <i>European Stroke Journal: 4th European Stroke Organisation Conference (ESOC 2018), May 16-18, 2018, Gothenburg, Sweden.<\/i> Basel \/ Switzerland: SAGE, 122\u2212122. (Vol. 3(1S) 3\u2013586).<a href=\"https:\/\/doi.org\/10.1177\/2396987318770127\" target=\"_blank\">10.1177\/2396987318770127<\/a>.<\/li>\n<li>Eelm\u00e4e, P.; Pakkanen, M.; T\u00f5nutare. A.; Vanem, O.; Riina, M.; Englas; K.; \u00d6\u00f6pik-Loks; M.L. (2018). Utilisation of high-tech verticalisation equipment for wheelchair dependent SCI patients during inpatient rehabilitation at Haapsalu NRC between. <i>12th International Society of Physical and Rehabilitation Medicine (ISPRM) World Congress, July 8-12, 2018, Paris, France.<\/i> Paris, France: ISPRM,.<\/li>\n<li>Eelm\u00e4e, P.; Pakkanen, M.; Englas, K.; T\u00f5nutare, A.; Nebokat, S. (2018). Bone mineral density and body mass index of spinal cord injured wheelchair users before and after acute rehabilitation period &#8211; pilot study. <i>57th ISCoS Abstract Book. Poster Presentations: 57th International Spinal Cord Society Annual Scientific Meeting combined with the 25th ANZSCoS ASM, 13-15 September, 2018, Sydney, Australia.<\/i> United Kingdom: ISCoS Conferences Ltd, 62.<\/li>\n<li>Bergmann, M.; T\u00f5nutare, A.; Pakkanen, M.; M\u00f5im, R.; Pikkat, H.; Siimenson, S.; S\u00f6\u00f6t, K.; Kotsjuba, D.; Saksing, M.; Eelm\u00e4e, P. (2018). Seljaajukahjustus. Kuidas edasi? Tallinn: CoPrint O\u00dc.<\/li>\n<\/ul>\n<p>&nbsp;<\/p>\n","protected":false},"excerpt":{"rendered":"<p>&nbsp; \u00d6\u00f6pik-Loks, M.L.; Bernyte, J.; Eelm\u00e4e, P. (2018). The outcomes&#8230;<\/p>\n","protected":false},"author":4,"featured_media":0,"parent":797,"menu_order":2,"comment_status":"closed","ping_status":"closed","template":"","meta":{"footnotes":"","_links_to":"","_links_to_target":""},"_links":{"self":[{"href":"https:\/\/terekk.ee\/en\/wp-json\/wp\/v2\/pages\/1835"}],"collection":[{"href":"https:\/\/terekk.ee\/en\/wp-json\/wp\/v2\/pages"}],"about":[{"href":"https:\/\/terekk.ee\/en\/wp-json\/wp\/v2\/types\/page"}],"author":[{"embeddable":true,"href":"https:\/\/terekk.ee\/en\/wp-json\/wp\/v2\/users\/4"}],"replies":[{"embeddable":true,"href":"https:\/\/terekk.ee\/en\/wp-json\/wp\/v2\/comments?post=1835"}],"version-history":[{"count":1,"href":"https:\/\/terekk.ee\/en\/wp-json\/wp\/v2\/pages\/1835\/revisions"}],"predecessor-version":[{"id":1836,"href":"https:\/\/terekk.ee\/en\/wp-json\/wp\/v2\/pages\/1835\/revisions\/1836"}],"up":[{"embeddable":true,"href":"https:\/\/terekk.ee\/en\/wp-json\/wp\/v2\/pages\/797"}],"wp:attachment":[{"href":"https:\/\/terekk.ee\/en\/wp-json\/wp\/v2\/media?parent=1835"}],"curies":[{"name":"wp","href":"https:\/\/api.w.org\/{rel}","templated":true}]}}